{"id":4585,"date":"2019-10-23T15:51:01","date_gmt":"2019-10-23T15:51:01","guid":{"rendered":"https:\/\/xn--klmmis-cua.se\/politik-for-beskyttelse-af-personlige-oplysninger\/"},"modified":"2024-12-29T11:14:59","modified_gmt":"2024-12-29T11:14:59","slug":"politik-for-beskyttelse-af-personlige-oplysninger","status":"publish","type":"page","link":"https:\/\/xn--klmmis-cua.se\/da\/politik-for-beskyttelse-af-personlige-oplysninger\/","title":{"rendered":"Politik for beskyttelse af personlige oplysninger"},"content":{"rendered":"\n<h2 class=\"wp-block-heading\">Hvem vi er<\/h2>\n\n<p>Vores hjemmesideadresse er: https:\/\/xn--klmmis-cua.se.<\/p>\n\n<h2 class=\"wp-block-heading\">Hvilke personlige data vi indsamler, og hvorfor vi indsamler dem<\/h2>\n\n<h3 class=\"wp-block-heading\">Kommentarer<\/h3>\n\n<p>N\u00e5r bes\u00f8gende efterlader kommentarer p\u00e5 webstedet, indsamler vi de data, der vises i kommentarformularen, og ogs\u00e5 den bes\u00f8gendes IP-adresse og browserens brugeragentstreng for at hj\u00e6lpe med at opdage spam.<\/p>\n\n<p>En anonymiseret streng oprettet fra din e-mailadresse (ogs\u00e5 kaldet en hash) kan leveres til Gravatar-tjenesten for at se, om du bruger den. Gravatar-tjenestens privatlivspolitik er tilg\u00e6ngelig her: https:\/\/automattic.com\/privacy\/. Efter godkendelse af din kommentar er dit profilbillede synligt for offentligheden i forbindelse med din kommentar.<\/p>\n\n<h3 class=\"wp-block-heading\">Medier<\/h3>\n\n<p>Hvis du uploader billeder til hjemmesiden, b\u00f8r du undg\u00e5 at uploade billeder med indlejrede placeringsdata (EXIF GPS). Bes\u00f8gende p\u00e5 hjemmesiden kan downloade og udtr\u00e6kke alle lokaliseringsdata fra billeder p\u00e5 hjemmesiden.<\/p>\n\n<h3 class=\"wp-block-heading\">Kontaktformularer<\/h3>\n\n<h3 class=\"wp-block-heading\">Sm\u00e5kager<\/h3>\n\n<p>Hvis du efterlader en kommentar p\u00e5 vores hjemmeside, kan du v\u00e6lge at gemme dit navn, din e-mailadresse og din hjemmeside i cookies. Det er for at g\u00f8re det nemmere for dig, s\u00e5 du ikke beh\u00f8ver at udfylde dine oplysninger igen, n\u00e5r du skriver en ny kommentar. Disse sm\u00e5kager kan holde sig i et \u00e5r.<\/p>\n\n<p>Hvis du bes\u00f8ger vores login-side, s\u00e6tter vi en midlertidig cookie for at afg\u00f8re, om din browser accepterer cookies. Denne cookie indeholder ingen personlige data og kasseres, n\u00e5r du lukker din browser.<\/p>\n\n<p>N\u00e5r du logger ind, s\u00e6tter vi ogs\u00e5 flere cookies op for at gemme dine loginoplysninger og dine valg af sk\u00e6rmvisning. Login-cookies holder i to dage, og cookies til sk\u00e6rmindstillinger holder i et \u00e5r. Hvis du v\u00e6lger &#8220;Husk mig&#8221;, vil dit login blive bevaret i to uger. Hvis du logger ud af din konto, vil login-cookies blive fjernet.<\/p>\n\n<p>Hvis du redigerer eller udgiver en artikel, gemmes der en ekstra cookie i din browser. Denne cookie indeholder ingen personlige data og angiver blot indl\u00e6gs-ID&#8217;et for den artikel, du lige har redigeret. Den udl\u00f8ber efter 1 dag.<\/p>\n\n<h3 class=\"wp-block-heading\">Indlejret indhold fra andre hjemmesider<\/h3>\n\n<p>Artikler p\u00e5 dette websted kan indeholde indlejret indhold (f.eks. videoer, billeder, artikler osv.). Indlejret indhold fra andre hjemmesider opf\u00f8rer sig p\u00e5 n\u00f8jagtig samme m\u00e5de, som hvis den bes\u00f8gende havde bes\u00f8gt den anden hjemmeside.<\/p>\n\n<p>Disse websteder kan indsamle data om dig, bruge cookies, indlejre yderligere tredjepartssporing og overv\u00e5ge din interaktion med det indlejrede indhold, herunder spore din interaktion med det indlejrede indhold, hvis du har en konto og er logget ind p\u00e5 det p\u00e5g\u00e6ldende websted.<\/p>\n\n<h3 class=\"wp-block-heading\">Analyse<\/h3>\n\n<h2 class=\"wp-block-heading\">Hvem vi deler dine data med<\/h2>\n\n<h2 class=\"wp-block-heading\">Hvor l\u00e6nge vi opbevarer dine data<\/h2>\n\n<p>Hvis du efterlader en kommentar, bevares kommentaren og dens metadata p\u00e5 ubestemt tid. Det er for, at vi kan genkende og godkende eventuelle opf\u00f8lgende kommentarer automatisk i stedet for at holde dem i en moderationsk\u00f8.<\/p>\n\n<p>For brugere, der registrerer sig p\u00e5 vores hjemmeside (hvis der er nogen), gemmer vi ogs\u00e5 de personlige oplysninger, de giver i deres brugerprofil. Alle brugere kan til enhver tid se, redigere eller slette deres personlige oplysninger (bortset fra at de ikke kan \u00e6ndre deres brugernavn). Webstedsadministratorer kan ogs\u00e5 se og redigere disse oplysninger.<\/p>\n\n<h2 class=\"wp-block-heading\">Hvilke rettigheder du har over dine data<\/h2>\n\n<p>Hvis du har en konto p\u00e5 dette websted eller har skrevet kommentarer, kan du anmode om at modtage en eksporteret fil med de personlige data, vi har om dig, herunder alle data, du har givet os. Du kan ogs\u00e5 anmode om, at vi sletter de personoplysninger, vi har om dig. Dette omfatter ikke data, som vi er forpligtet til at opbevare af administrative, juridiske eller sikkerhedsm\u00e6ssige \u00e5rsager.<\/p>\n\n<h2 class=\"wp-block-heading\">Hvor vi sender dine data hen<\/h2>\n\n<p>Bes\u00f8gendes kommentarer kan blive kontrolleret gennem en automatiseret spamdetekteringstjeneste.<\/p>\n\n<h2 class=\"wp-block-heading\">Dine kontaktoplysninger<\/h2>\n\n<h2 class=\"wp-block-heading\">Yderligere information<\/h2>\n\n<h3 class=\"wp-block-heading\">S\u00e5dan beskytter vi dine data<\/h3>\n\n<h3 class=\"wp-block-heading\">Hvilke procedurer for databrud vi har p\u00e5 plads<\/h3>\n\n<h3 class=\"wp-block-heading\">Hvilke tredjeparter vi modtager data fra<\/h3>\n\n<h3 class=\"wp-block-heading\">Hvilken automatiseret beslutningstagning og\/eller profilering vi foretager med brugerdata<\/h3>\n\n<h3 class=\"wp-block-heading\">Industriens lovm\u00e6ssige oplysningskrav<\/h3>\n","protected":false},"excerpt":{"rendered":"<p>Hvem vi er Vores hjemmesideadresse er: https:\/\/xn--klmmis-cua.se. Hvilke personlige data vi indsamler, og hvorfor vi indsamler dem Kommentarer N\u00e5r bes\u00f8gende efterlader kommentarer p\u00e5 webstedet, indsamler vi de data, der vises i kommentarformularen, og ogs\u00e5 den bes\u00f8gendes IP-adresse og browserens brugeragentstreng for at hj\u00e6lpe med at opdage spam. En anonymiseret streng oprettet fra din e-mailadresse (ogs\u00e5 [&hellip;]<\/p>\n","protected":false},"author":1,"featured_media":0,"parent":0,"menu_order":0,"comment_status":"closed","ping_status":"open","template":"","meta":{"footnotes":""},"class_list":["post-4585","page","type-page","status-publish","hentry","entry","owp-thumbs-layout-horizontal","owp-btn-normal","owp-tabs-layout-horizontal","has-no-thumbnails","has-product-nav"],"yoast_head":"<!-- This site is optimized with the Yoast SEO plugin v27.4 - https:\/\/yoast.com\/product\/yoast-seo-wordpress\/ -->\n<title>Politik for beskyttelse af personlige oplysninger - Allt om kl\u00e4mmisar!<\/title>\n<meta name=\"robots\" content=\"index, follow, max-snippet:-1, max-image-preview:large, max-video-preview:-1\" \/>\n<link rel=\"canonical\" href=\"https:\/\/xn--klmmis-cua.se\/da\/politik-for-beskyttelse-af-personlige-oplysninger\/\" \/>\n<meta property=\"og:locale\" content=\"da_DK\" \/>\n<meta property=\"og:type\" content=\"article\" \/>\n<meta property=\"og:title\" content=\"Politik for beskyttelse af personlige oplysninger - Allt om kl\u00e4mmisar!\" \/>\n<meta property=\"og:description\" content=\"Hvem vi er Vores hjemmesideadresse er: https:\/\/xn--klmmis-cua.se. Hvilke personlige data vi indsamler, og hvorfor vi indsamler dem Kommentarer N\u00e5r bes\u00f8gende efterlader kommentarer p\u00e5 webstedet, indsamler vi de data, der vises i kommentarformularen, og ogs\u00e5 den bes\u00f8gendes IP-adresse og browserens brugeragentstreng for at hj\u00e6lpe med at opdage spam. En anonymiseret streng oprettet fra din e-mailadresse (ogs\u00e5 [&hellip;]\" \/>\n<meta property=\"og:url\" content=\"https:\/\/xn--klmmis-cua.se\/da\/politik-for-beskyttelse-af-personlige-oplysninger\/\" \/>\n<meta property=\"og:site_name\" content=\"Allt om kl\u00e4mmisar!\" \/>\n<meta property=\"article:modified_time\" content=\"2024-12-29T11:14:59+00:00\" \/>\n<meta name=\"twitter:card\" content=\"summary_large_image\" \/>\n<meta name=\"twitter:label1\" content=\"Estimeret l\u00e6setid\" \/>\n\t<meta name=\"twitter:data1\" content=\"3 minutter\" \/>\n<script type=\"application\/ld+json\" class=\"yoast-schema-graph\">{\"@context\":\"https:\\\/\\\/schema.org\",\"@graph\":[{\"@type\":\"WebPage\",\"@id\":\"https:\\\/\\\/xn--klmmis-cua.se\\\/da\\\/politik-for-beskyttelse-af-personlige-oplysninger\\\/\",\"url\":\"https:\\\/\\\/xn--klmmis-cua.se\\\/da\\\/politik-for-beskyttelse-af-personlige-oplysninger\\\/\",\"name\":\"Politik for beskyttelse af personlige oplysninger - Allt om kl\u00e4mmisar!\",\"isPartOf\":{\"@id\":\"https:\\\/\\\/xn--klmmis-cua.se\\\/da\\\/#website\"},\"datePublished\":\"2019-10-23T15:51:01+00:00\",\"dateModified\":\"2024-12-29T11:14:59+00:00\",\"breadcrumb\":{\"@id\":\"https:\\\/\\\/xn--klmmis-cua.se\\\/da\\\/politik-for-beskyttelse-af-personlige-oplysninger\\\/#breadcrumb\"},\"inLanguage\":\"da-DK\",\"potentialAction\":[{\"@type\":\"ReadAction\",\"target\":[\"https:\\\/\\\/xn--klmmis-cua.se\\\/da\\\/politik-for-beskyttelse-af-personlige-oplysninger\\\/\"]}]},{\"@type\":\"BreadcrumbList\",\"@id\":\"https:\\\/\\\/xn--klmmis-cua.se\\\/da\\\/politik-for-beskyttelse-af-personlige-oplysninger\\\/#breadcrumb\",\"itemListElement\":[{\"@type\":\"ListItem\",\"position\":1,\"name\":\"Hjem\",\"item\":\"https:\\\/\\\/xn--klmmis-cua.se\\\/da\\\/\"},{\"@type\":\"ListItem\",\"position\":2,\"name\":\"Politik for beskyttelse af personlige oplysninger\"}]},{\"@type\":\"WebSite\",\"@id\":\"https:\\\/\\\/xn--klmmis-cua.se\\\/da\\\/#website\",\"url\":\"https:\\\/\\\/xn--klmmis-cua.se\\\/da\\\/\",\"name\":\"Allt om kl\u00e4mmisar!\",\"description\":\"Recept och inspiration till kl\u00e4mmisar\",\"publisher\":{\"@id\":\"https:\\\/\\\/xn--klmmis-cua.se\\\/da\\\/#organization\"},\"potentialAction\":[{\"@type\":\"SearchAction\",\"target\":{\"@type\":\"EntryPoint\",\"urlTemplate\":\"https:\\\/\\\/xn--klmmis-cua.se\\\/da\\\/?s={search_term_string}\"},\"query-input\":{\"@type\":\"PropertyValueSpecification\",\"valueRequired\":true,\"valueName\":\"search_term_string\"}}],\"inLanguage\":\"da-DK\"},{\"@type\":\"Organization\",\"@id\":\"https:\\\/\\\/xn--klmmis-cua.se\\\/da\\\/#organization\",\"name\":\"Kl\u00e4mmis.se\",\"url\":\"https:\\\/\\\/xn--klmmis-cua.se\\\/da\\\/\",\"logo\":{\"@type\":\"ImageObject\",\"inLanguage\":\"da-DK\",\"@id\":\"https:\\\/\\\/xn--klmmis-cua.se\\\/da\\\/#\\\/schema\\\/logo\\\/image\\\/\",\"url\":\"https:\\\/\\\/xn--klmmis-cua.se\\\/wp-content\\\/uploads\\\/2019\\\/11\\\/klammis-se-logo.jpg\",\"contentUrl\":\"https:\\\/\\\/xn--klmmis-cua.se\\\/wp-content\\\/uploads\\\/2019\\\/11\\\/klammis-se-logo.jpg\",\"width\":573,\"height\":565,\"caption\":\"Kl\u00e4mmis.se\"},\"image\":{\"@id\":\"https:\\\/\\\/xn--klmmis-cua.se\\\/da\\\/#\\\/schema\\\/logo\\\/image\\\/\"},\"sameAs\":[\"https:\\\/\\\/www.instagram.com\\\/klammis.se\\\/\"]}]}<\/script>\n<!-- \/ Yoast SEO plugin. -->","yoast_head_json":{"title":"Politik for beskyttelse af personlige oplysninger - Allt om kl\u00e4mmisar!","robots":{"index":"index","follow":"follow","max-snippet":"max-snippet:-1","max-image-preview":"max-image-preview:large","max-video-preview":"max-video-preview:-1"},"canonical":"https:\/\/xn--klmmis-cua.se\/da\/politik-for-beskyttelse-af-personlige-oplysninger\/","og_locale":"da_DK","og_type":"article","og_title":"Politik for beskyttelse af personlige oplysninger - Allt om kl\u00e4mmisar!","og_description":"Hvem vi er Vores hjemmesideadresse er: https:\/\/xn--klmmis-cua.se. Hvilke personlige data vi indsamler, og hvorfor vi indsamler dem Kommentarer N\u00e5r bes\u00f8gende efterlader kommentarer p\u00e5 webstedet, indsamler vi de data, der vises i kommentarformularen, og ogs\u00e5 den bes\u00f8gendes IP-adresse og browserens brugeragentstreng for at hj\u00e6lpe med at opdage spam. En anonymiseret streng oprettet fra din e-mailadresse (ogs\u00e5 [&hellip;]","og_url":"https:\/\/xn--klmmis-cua.se\/da\/politik-for-beskyttelse-af-personlige-oplysninger\/","og_site_name":"Allt om kl\u00e4mmisar!","article_modified_time":"2024-12-29T11:14:59+00:00","twitter_card":"summary_large_image","twitter_misc":{"Estimeret l\u00e6setid":"3 minutter"},"schema":{"@context":"https:\/\/schema.org","@graph":[{"@type":"WebPage","@id":"https:\/\/xn--klmmis-cua.se\/da\/politik-for-beskyttelse-af-personlige-oplysninger\/","url":"https:\/\/xn--klmmis-cua.se\/da\/politik-for-beskyttelse-af-personlige-oplysninger\/","name":"Politik for beskyttelse af personlige oplysninger - Allt om kl\u00e4mmisar!","isPartOf":{"@id":"https:\/\/xn--klmmis-cua.se\/da\/#website"},"datePublished":"2019-10-23T15:51:01+00:00","dateModified":"2024-12-29T11:14:59+00:00","breadcrumb":{"@id":"https:\/\/xn--klmmis-cua.se\/da\/politik-for-beskyttelse-af-personlige-oplysninger\/#breadcrumb"},"inLanguage":"da-DK","potentialAction":[{"@type":"ReadAction","target":["https:\/\/xn--klmmis-cua.se\/da\/politik-for-beskyttelse-af-personlige-oplysninger\/"]}]},{"@type":"BreadcrumbList","@id":"https:\/\/xn--klmmis-cua.se\/da\/politik-for-beskyttelse-af-personlige-oplysninger\/#breadcrumb","itemListElement":[{"@type":"ListItem","position":1,"name":"Hjem","item":"https:\/\/xn--klmmis-cua.se\/da\/"},{"@type":"ListItem","position":2,"name":"Politik for beskyttelse af personlige oplysninger"}]},{"@type":"WebSite","@id":"https:\/\/xn--klmmis-cua.se\/da\/#website","url":"https:\/\/xn--klmmis-cua.se\/da\/","name":"Allt om kl\u00e4mmisar!","description":"Recept och inspiration till kl\u00e4mmisar","publisher":{"@id":"https:\/\/xn--klmmis-cua.se\/da\/#organization"},"potentialAction":[{"@type":"SearchAction","target":{"@type":"EntryPoint","urlTemplate":"https:\/\/xn--klmmis-cua.se\/da\/?s={search_term_string}"},"query-input":{"@type":"PropertyValueSpecification","valueRequired":true,"valueName":"search_term_string"}}],"inLanguage":"da-DK"},{"@type":"Organization","@id":"https:\/\/xn--klmmis-cua.se\/da\/#organization","name":"Kl\u00e4mmis.se","url":"https:\/\/xn--klmmis-cua.se\/da\/","logo":{"@type":"ImageObject","inLanguage":"da-DK","@id":"https:\/\/xn--klmmis-cua.se\/da\/#\/schema\/logo\/image\/","url":"https:\/\/xn--klmmis-cua.se\/wp-content\/uploads\/2019\/11\/klammis-se-logo.jpg","contentUrl":"https:\/\/xn--klmmis-cua.se\/wp-content\/uploads\/2019\/11\/klammis-se-logo.jpg","width":573,"height":565,"caption":"Kl\u00e4mmis.se"},"image":{"@id":"https:\/\/xn--klmmis-cua.se\/da\/#\/schema\/logo\/image\/"},"sameAs":["https:\/\/www.instagram.com\/klammis.se\/"]}]}},"_links":{"self":[{"href":"https:\/\/xn--klmmis-cua.se\/da\/wp-json\/wp\/v2\/pages\/4585","targetHints":{"allow":["GET"]}}],"collection":[{"href":"https:\/\/xn--klmmis-cua.se\/da\/wp-json\/wp\/v2\/pages"}],"about":[{"href":"https:\/\/xn--klmmis-cua.se\/da\/wp-json\/wp\/v2\/types\/page"}],"author":[{"embeddable":true,"href":"https:\/\/xn--klmmis-cua.se\/da\/wp-json\/wp\/v2\/users\/1"}],"replies":[{"embeddable":true,"href":"https:\/\/xn--klmmis-cua.se\/da\/wp-json\/wp\/v2\/comments?post=4585"}],"version-history":[{"count":1,"href":"https:\/\/xn--klmmis-cua.se\/da\/wp-json\/wp\/v2\/pages\/4585\/revisions"}],"predecessor-version":[{"id":4589,"href":"https:\/\/xn--klmmis-cua.se\/da\/wp-json\/wp\/v2\/pages\/4585\/revisions\/4589"}],"wp:attachment":[{"href":"https:\/\/xn--klmmis-cua.se\/da\/wp-json\/wp\/v2\/media?parent=4585"}],"curies":[{"name":"wp","href":"https:\/\/api.w.org\/{rel}","templated":true}]}}