{"id":4604,"date":"2018-10-24T04:04:34","date_gmt":"2018-10-24T04:04:34","guid":{"rendered":"https:\/\/xn--klmmis-cua.se\/butik\/"},"modified":"2018-10-24T04:04:34","modified_gmt":"2018-10-24T04:04:34","slug":"butik","status":"publish","type":"page","link":"https:\/\/xn--klmmis-cua.se\/da\/butik\/","title":{"rendered":"Butik"},"content":{"rendered":"<p>Klemmer kan k\u00f8bes hos <a href=\"https:\/\/mylittlemeal.se\/\">My Little Meal<\/a>. Her kan du v\u00e6lge mellem &#8220;almindelige&#8221; traditionelle klemmer med tilbeh\u00f8r og deres seneste nyhed, silikoneklemmen. Lige nu f\u00e5r du 20% rabat p\u00e5 alle klemmer med koden &#8220;mylittlemeal20&#8221; Vi modtager gerne billeder og opskrifter! \u2665 <\/p>\n","protected":false},"excerpt":{"rendered":"<p>Klemmer kan k\u00f8bes hos My Little Meal. Her kan du v\u00e6lge mellem &#8220;almindelige&#8221; traditionelle klemmer med tilbeh\u00f8r og deres seneste nyhed, silikoneklemmen. Lige nu f\u00e5r du 20% rabat p\u00e5 alle klemmer med koden &#8220;mylittlemeal20&#8221; Vi modtager gerne billeder og opskrifter! \u2665<\/p>\n","protected":false},"author":1,"featured_media":4549,"parent":0,"menu_order":0,"comment_status":"closed","ping_status":"closed","template":"","meta":{"footnotes":""},"class_list":["post-4604","page","type-page","status-publish","has-post-thumbnail","hentry","entry","has-media","owp-thumbs-layout-horizontal","owp-btn-normal","owp-tabs-layout-horizontal","has-no-thumbnails","has-product-nav"],"yoast_head":"<!-- This site is optimized with the Yoast SEO plugin v27.5 - https:\/\/yoast.com\/product\/yoast-seo-wordpress\/ -->\n<title>Butik - Allt om kl\u00e4mmisar!<\/title>\n<meta name=\"description\" content=\"Den mest popul\u00e6re squeeze-is p\u00e5 markedet! Nem at fylde, spise af og vaske op, og grundigt testet i et akkrediteret laboratorium for at sikre fuldst\u00e6ndig f\u00f8devaresikkerhed.\" \/>\n<meta name=\"robots\" content=\"index, follow, max-snippet:-1, max-image-preview:large, max-video-preview:-1\" \/>\n<link rel=\"canonical\" href=\"https:\/\/xn--klmmis-cua.se\/da\/butik\/\" \/>\n<meta property=\"og:locale\" content=\"da_DK\" \/>\n<meta property=\"og:type\" content=\"article\" \/>\n<meta property=\"og:title\" content=\"Butik - Allt om kl\u00e4mmisar!\" \/>\n<meta property=\"og:description\" content=\"Den mest popul\u00e6re squeeze-is p\u00e5 markedet! Nem at fylde, spise af og vaske op, og grundigt testet i et akkrediteret laboratorium for at sikre fuldst\u00e6ndig f\u00f8devaresikkerhed.\" \/>\n<meta property=\"og:url\" content=\"https:\/\/xn--klmmis-cua.se\/da\/butik\/\" \/>\n<meta property=\"og:site_name\" content=\"Allt om kl\u00e4mmisar!\" \/>\n<meta property=\"og:image\" content=\"https:\/\/xn--klmmis-cua.se\/wp-content\/uploads\/2020\/11\/242724264_533097414457429_1878892878815860150_n.jpg\" \/>\n\t<meta property=\"og:image:width\" content=\"2048\" \/>\n\t<meta property=\"og:image:height\" content=\"2048\" \/>\n\t<meta property=\"og:image:type\" content=\"image\/jpeg\" \/>\n<meta name=\"twitter:card\" content=\"summary_large_image\" \/>\n<script type=\"application\/ld+json\" class=\"yoast-schema-graph\">{\"@context\":\"https:\\\/\\\/schema.org\",\"@graph\":[{\"@type\":\"WebPage\",\"@id\":\"https:\\\/\\\/xn--klmmis-cua.se\\\/da\\\/butik\\\/\",\"url\":\"https:\\\/\\\/xn--klmmis-cua.se\\\/da\\\/butik\\\/\",\"name\":\"Butik - Allt om kl\u00e4mmisar!\",\"isPartOf\":{\"@id\":\"https:\\\/\\\/xn--klmmis-cua.se\\\/da\\\/#website\"},\"primaryImageOfPage\":{\"@id\":\"https:\\\/\\\/xn--klmmis-cua.se\\\/da\\\/butik\\\/#primaryimage\"},\"image\":{\"@id\":\"https:\\\/\\\/xn--klmmis-cua.se\\\/da\\\/butik\\\/#primaryimage\"},\"thumbnailUrl\":\"https:\\\/\\\/xn--klmmis-cua.se\\\/wp-content\\\/uploads\\\/2020\\\/11\\\/242724264_533097414457429_1878892878815860150_n.jpg\",\"datePublished\":\"2018-10-24T04:04:34+00:00\",\"description\":\"Den mest popul\u00e6re squeeze-is p\u00e5 markedet! Nem at fylde, spise af og vaske op, og grundigt testet i et akkrediteret laboratorium for at sikre fuldst\u00e6ndig f\u00f8devaresikkerhed.\",\"breadcrumb\":{\"@id\":\"https:\\\/\\\/xn--klmmis-cua.se\\\/da\\\/butik\\\/#breadcrumb\"},\"inLanguage\":\"da-DK\",\"potentialAction\":[{\"@type\":\"ReadAction\",\"target\":[\"https:\\\/\\\/xn--klmmis-cua.se\\\/da\\\/butik\\\/\"]}]},{\"@type\":\"ImageObject\",\"inLanguage\":\"da-DK\",\"@id\":\"https:\\\/\\\/xn--klmmis-cua.se\\\/da\\\/butik\\\/#primaryimage\",\"url\":\"https:\\\/\\\/xn--klmmis-cua.se\\\/wp-content\\\/uploads\\\/2020\\\/11\\\/242724264_533097414457429_1878892878815860150_n.jpg\",\"contentUrl\":\"https:\\\/\\\/xn--klmmis-cua.se\\\/wp-content\\\/uploads\\\/2020\\\/11\\\/242724264_533097414457429_1878892878815860150_n.jpg\",\"width\":2048,\"height\":2048},{\"@type\":\"BreadcrumbList\",\"@id\":\"https:\\\/\\\/xn--klmmis-cua.se\\\/da\\\/butik\\\/#breadcrumb\",\"itemListElement\":[{\"@type\":\"ListItem\",\"position\":1,\"name\":\"Hjem\",\"item\":\"https:\\\/\\\/xn--klmmis-cua.se\\\/da\\\/\"},{\"@type\":\"ListItem\",\"position\":2,\"name\":\"Butik\"}]},{\"@type\":\"WebSite\",\"@id\":\"https:\\\/\\\/xn--klmmis-cua.se\\\/da\\\/#website\",\"url\":\"https:\\\/\\\/xn--klmmis-cua.se\\\/da\\\/\",\"name\":\"Allt om kl\u00e4mmisar!\",\"description\":\"Recept och inspiration till kl\u00e4mmisar\",\"publisher\":{\"@id\":\"https:\\\/\\\/xn--klmmis-cua.se\\\/da\\\/#organization\"},\"potentialAction\":[{\"@type\":\"SearchAction\",\"target\":{\"@type\":\"EntryPoint\",\"urlTemplate\":\"https:\\\/\\\/xn--klmmis-cua.se\\\/da\\\/?s={search_term_string}\"},\"query-input\":{\"@type\":\"PropertyValueSpecification\",\"valueRequired\":true,\"valueName\":\"search_term_string\"}}],\"inLanguage\":\"da-DK\"},{\"@type\":\"Organization\",\"@id\":\"https:\\\/\\\/xn--klmmis-cua.se\\\/da\\\/#organization\",\"name\":\"Kl\u00e4mmis.se\",\"url\":\"https:\\\/\\\/xn--klmmis-cua.se\\\/da\\\/\",\"logo\":{\"@type\":\"ImageObject\",\"inLanguage\":\"da-DK\",\"@id\":\"https:\\\/\\\/xn--klmmis-cua.se\\\/da\\\/#\\\/schema\\\/logo\\\/image\\\/\",\"url\":\"https:\\\/\\\/xn--klmmis-cua.se\\\/wp-content\\\/uploads\\\/2019\\\/11\\\/klammis-se-logo.jpg\",\"contentUrl\":\"https:\\\/\\\/xn--klmmis-cua.se\\\/wp-content\\\/uploads\\\/2019\\\/11\\\/klammis-se-logo.jpg\",\"width\":573,\"height\":565,\"caption\":\"Kl\u00e4mmis.se\"},\"image\":{\"@id\":\"https:\\\/\\\/xn--klmmis-cua.se\\\/da\\\/#\\\/schema\\\/logo\\\/image\\\/\"},\"sameAs\":[\"https:\\\/\\\/www.instagram.com\\\/klammis.se\\\/\"]}]}<\/script>\n<!-- \/ Yoast SEO plugin. -->","yoast_head_json":{"title":"Butik - Allt om kl\u00e4mmisar!","description":"Den mest popul\u00e6re squeeze-is p\u00e5 markedet! Nem at fylde, spise af og vaske op, og grundigt testet i et akkrediteret laboratorium for at sikre fuldst\u00e6ndig f\u00f8devaresikkerhed.","robots":{"index":"index","follow":"follow","max-snippet":"max-snippet:-1","max-image-preview":"max-image-preview:large","max-video-preview":"max-video-preview:-1"},"canonical":"https:\/\/xn--klmmis-cua.se\/da\/butik\/","og_locale":"da_DK","og_type":"article","og_title":"Butik - Allt om kl\u00e4mmisar!","og_description":"Den mest popul\u00e6re squeeze-is p\u00e5 markedet! Nem at fylde, spise af og vaske op, og grundigt testet i et akkrediteret laboratorium for at sikre fuldst\u00e6ndig f\u00f8devaresikkerhed.","og_url":"https:\/\/xn--klmmis-cua.se\/da\/butik\/","og_site_name":"Allt om kl\u00e4mmisar!","og_image":[{"width":2048,"height":2048,"url":"https:\/\/xn--klmmis-cua.se\/wp-content\/uploads\/2020\/11\/242724264_533097414457429_1878892878815860150_n.jpg","type":"image\/jpeg"}],"twitter_card":"summary_large_image","schema":{"@context":"https:\/\/schema.org","@graph":[{"@type":"WebPage","@id":"https:\/\/xn--klmmis-cua.se\/da\/butik\/","url":"https:\/\/xn--klmmis-cua.se\/da\/butik\/","name":"Butik - Allt om kl\u00e4mmisar!","isPartOf":{"@id":"https:\/\/xn--klmmis-cua.se\/da\/#website"},"primaryImageOfPage":{"@id":"https:\/\/xn--klmmis-cua.se\/da\/butik\/#primaryimage"},"image":{"@id":"https:\/\/xn--klmmis-cua.se\/da\/butik\/#primaryimage"},"thumbnailUrl":"https:\/\/xn--klmmis-cua.se\/wp-content\/uploads\/2020\/11\/242724264_533097414457429_1878892878815860150_n.jpg","datePublished":"2018-10-24T04:04:34+00:00","description":"Den mest popul\u00e6re squeeze-is p\u00e5 markedet! Nem at fylde, spise af og vaske op, og grundigt testet i et akkrediteret laboratorium for at sikre fuldst\u00e6ndig f\u00f8devaresikkerhed.","breadcrumb":{"@id":"https:\/\/xn--klmmis-cua.se\/da\/butik\/#breadcrumb"},"inLanguage":"da-DK","potentialAction":[{"@type":"ReadAction","target":["https:\/\/xn--klmmis-cua.se\/da\/butik\/"]}]},{"@type":"ImageObject","inLanguage":"da-DK","@id":"https:\/\/xn--klmmis-cua.se\/da\/butik\/#primaryimage","url":"https:\/\/xn--klmmis-cua.se\/wp-content\/uploads\/2020\/11\/242724264_533097414457429_1878892878815860150_n.jpg","contentUrl":"https:\/\/xn--klmmis-cua.se\/wp-content\/uploads\/2020\/11\/242724264_533097414457429_1878892878815860150_n.jpg","width":2048,"height":2048},{"@type":"BreadcrumbList","@id":"https:\/\/xn--klmmis-cua.se\/da\/butik\/#breadcrumb","itemListElement":[{"@type":"ListItem","position":1,"name":"Hjem","item":"https:\/\/xn--klmmis-cua.se\/da\/"},{"@type":"ListItem","position":2,"name":"Butik"}]},{"@type":"WebSite","@id":"https:\/\/xn--klmmis-cua.se\/da\/#website","url":"https:\/\/xn--klmmis-cua.se\/da\/","name":"Allt om kl\u00e4mmisar!","description":"Recept och inspiration till kl\u00e4mmisar","publisher":{"@id":"https:\/\/xn--klmmis-cua.se\/da\/#organization"},"potentialAction":[{"@type":"SearchAction","target":{"@type":"EntryPoint","urlTemplate":"https:\/\/xn--klmmis-cua.se\/da\/?s={search_term_string}"},"query-input":{"@type":"PropertyValueSpecification","valueRequired":true,"valueName":"search_term_string"}}],"inLanguage":"da-DK"},{"@type":"Organization","@id":"https:\/\/xn--klmmis-cua.se\/da\/#organization","name":"Kl\u00e4mmis.se","url":"https:\/\/xn--klmmis-cua.se\/da\/","logo":{"@type":"ImageObject","inLanguage":"da-DK","@id":"https:\/\/xn--klmmis-cua.se\/da\/#\/schema\/logo\/image\/","url":"https:\/\/xn--klmmis-cua.se\/wp-content\/uploads\/2019\/11\/klammis-se-logo.jpg","contentUrl":"https:\/\/xn--klmmis-cua.se\/wp-content\/uploads\/2019\/11\/klammis-se-logo.jpg","width":573,"height":565,"caption":"Kl\u00e4mmis.se"},"image":{"@id":"https:\/\/xn--klmmis-cua.se\/da\/#\/schema\/logo\/image\/"},"sameAs":["https:\/\/www.instagram.com\/klammis.se\/"]}]}},"_links":{"self":[{"href":"https:\/\/xn--klmmis-cua.se\/da\/wp-json\/wp\/v2\/pages\/4604","targetHints":{"allow":["GET"]}}],"collection":[{"href":"https:\/\/xn--klmmis-cua.se\/da\/wp-json\/wp\/v2\/pages"}],"about":[{"href":"https:\/\/xn--klmmis-cua.se\/da\/wp-json\/wp\/v2\/types\/page"}],"author":[{"embeddable":true,"href":"https:\/\/xn--klmmis-cua.se\/da\/wp-json\/wp\/v2\/users\/1"}],"replies":[{"embeddable":true,"href":"https:\/\/xn--klmmis-cua.se\/da\/wp-json\/wp\/v2\/comments?post=4604"}],"version-history":[{"count":0,"href":"https:\/\/xn--klmmis-cua.se\/da\/wp-json\/wp\/v2\/pages\/4604\/revisions"}],"wp:featuredmedia":[{"embeddable":true,"href":"https:\/\/xn--klmmis-cua.se\/da\/wp-json\/wp\/v2\/media\/4549"}],"wp:attachment":[{"href":"https:\/\/xn--klmmis-cua.se\/da\/wp-json\/wp\/v2\/media?parent=4604"}],"curies":[{"name":"wp","href":"https:\/\/api.w.org\/{rel}","templated":true}]}}