{"id":4836,"date":"2018-10-24T04:04:34","date_gmt":"2018-10-24T04:04:34","guid":{"rendered":"https:\/\/xn--klmmis-cua.se\/kauppa\/"},"modified":"2018-10-24T04:04:34","modified_gmt":"2018-10-24T04:04:34","slug":"kauppa","status":"publish","type":"page","link":"https:\/\/xn--klmmis-cua.se\/fi\/kauppa\/","title":{"rendered":"Kauppa"},"content":{"rendered":"<p>Kiinnittimi\u00e4 voi ostaa <a href=\"https:\/\/mylittlemeal.se\/\">My Little Meal<\/a>-liikkeest\u00e4. T\u00e4\u00e4ll\u00e4 voit valita &#8221;tavallisista&#8221; perinteisist\u00e4 puristimista lis\u00e4varusteineen ja heid\u00e4n uusimmista uutuuksistaan, silikonipuristimista. Juuri nyt saat 20% alennuksen kaikista puristimista koodilla &#8221;mylittlemeal20&#8221; Otamme kiitollisena vastaan kuvia ja reseptej\u00e4! \u2665 <\/p>\n","protected":false},"excerpt":{"rendered":"<p>Kiinnittimi\u00e4 voi ostaa My Little Meal-liikkeest\u00e4. T\u00e4\u00e4ll\u00e4 voit valita &#8221;tavallisista&#8221; perinteisist\u00e4 puristimista lis\u00e4varusteineen ja heid\u00e4n uusimmista uutuuksistaan, silikonipuristimista. Juuri nyt saat 20% alennuksen kaikista puristimista koodilla &#8221;mylittlemeal20&#8221; Otamme kiitollisena vastaan kuvia ja reseptej\u00e4! \u2665<\/p>\n","protected":false},"author":1,"featured_media":4550,"parent":0,"menu_order":0,"comment_status":"closed","ping_status":"closed","template":"","meta":{"footnotes":""},"class_list":["post-4836","page","type-page","status-publish","has-post-thumbnail","hentry","entry","has-media","owp-thumbs-layout-horizontal","owp-btn-normal","owp-tabs-layout-horizontal","has-no-thumbnails","has-product-nav"],"yoast_head":"<!-- This site is optimized with the Yoast SEO plugin v27.4 - https:\/\/yoast.com\/product\/yoast-seo-wordpress\/ -->\n<title>Kauppa - Allt om kl\u00e4mmisar!<\/title>\n<meta name=\"description\" content=\"Markkinoiden suosituin puristusj\u00e4\u00e4tel\u00f6! Helppo t\u00e4ytt\u00e4\u00e4, sy\u00f6d\u00e4 ja tiskata, ja se on testattu tiukasti akkreditoidussa laboratoriossa t\u00e4ydellisen elintarviketurvallisuuden varmistamiseksi.\" \/>\n<meta name=\"robots\" content=\"index, follow, max-snippet:-1, max-image-preview:large, max-video-preview:-1\" \/>\n<link rel=\"canonical\" href=\"https:\/\/xn--klmmis-cua.se\/fi\/kauppa\/\" \/>\n<meta property=\"og:locale\" content=\"fi_FI\" \/>\n<meta property=\"og:type\" content=\"article\" \/>\n<meta property=\"og:title\" content=\"Kauppa - Allt om kl\u00e4mmisar!\" \/>\n<meta property=\"og:description\" content=\"Markkinoiden suosituin puristusj\u00e4\u00e4tel\u00f6! Helppo t\u00e4ytt\u00e4\u00e4, sy\u00f6d\u00e4 ja tiskata, ja se on testattu tiukasti akkreditoidussa laboratoriossa t\u00e4ydellisen elintarviketurvallisuuden varmistamiseksi.\" \/>\n<meta property=\"og:url\" content=\"https:\/\/xn--klmmis-cua.se\/fi\/kauppa\/\" \/>\n<meta property=\"og:site_name\" content=\"Allt om kl\u00e4mmisar!\" \/>\n<meta property=\"og:image\" content=\"https:\/\/xn--klmmis-cua.se\/wp-content\/uploads\/2020\/11\/242724264_533097414457429_1878892878815860150_n.jpg\" \/>\n\t<meta property=\"og:image:width\" content=\"2048\" \/>\n\t<meta property=\"og:image:height\" content=\"2048\" \/>\n\t<meta property=\"og:image:type\" content=\"image\/jpeg\" \/>\n<meta name=\"twitter:card\" content=\"summary_large_image\" \/>\n<script type=\"application\/ld+json\" class=\"yoast-schema-graph\">{\"@context\":\"https:\\\/\\\/schema.org\",\"@graph\":[{\"@type\":\"WebPage\",\"@id\":\"https:\\\/\\\/xn--klmmis-cua.se\\\/fi\\\/kauppa\\\/\",\"url\":\"https:\\\/\\\/xn--klmmis-cua.se\\\/fi\\\/kauppa\\\/\",\"name\":\"Kauppa - Allt om kl\u00e4mmisar!\",\"isPartOf\":{\"@id\":\"https:\\\/\\\/xn--klmmis-cua.se\\\/fi\\\/#website\"},\"primaryImageOfPage\":{\"@id\":\"https:\\\/\\\/xn--klmmis-cua.se\\\/fi\\\/kauppa\\\/#primaryimage\"},\"image\":{\"@id\":\"https:\\\/\\\/xn--klmmis-cua.se\\\/fi\\\/kauppa\\\/#primaryimage\"},\"thumbnailUrl\":\"https:\\\/\\\/xn--klmmis-cua.se\\\/wp-content\\\/uploads\\\/2020\\\/11\\\/242724264_533097414457429_1878892878815860150_n.jpg\",\"datePublished\":\"2018-10-24T04:04:34+00:00\",\"description\":\"Markkinoiden suosituin puristusj\u00e4\u00e4tel\u00f6! Helppo t\u00e4ytt\u00e4\u00e4, sy\u00f6d\u00e4 ja tiskata, ja se on testattu tiukasti akkreditoidussa laboratoriossa t\u00e4ydellisen elintarviketurvallisuuden varmistamiseksi.\",\"breadcrumb\":{\"@id\":\"https:\\\/\\\/xn--klmmis-cua.se\\\/fi\\\/kauppa\\\/#breadcrumb\"},\"inLanguage\":\"fi\",\"potentialAction\":[{\"@type\":\"ReadAction\",\"target\":[\"https:\\\/\\\/xn--klmmis-cua.se\\\/fi\\\/kauppa\\\/\"]}]},{\"@type\":\"ImageObject\",\"inLanguage\":\"fi\",\"@id\":\"https:\\\/\\\/xn--klmmis-cua.se\\\/fi\\\/kauppa\\\/#primaryimage\",\"url\":\"https:\\\/\\\/xn--klmmis-cua.se\\\/wp-content\\\/uploads\\\/2020\\\/11\\\/242724264_533097414457429_1878892878815860150_n.jpg\",\"contentUrl\":\"https:\\\/\\\/xn--klmmis-cua.se\\\/wp-content\\\/uploads\\\/2020\\\/11\\\/242724264_533097414457429_1878892878815860150_n.jpg\",\"width\":2048,\"height\":2048},{\"@type\":\"BreadcrumbList\",\"@id\":\"https:\\\/\\\/xn--klmmis-cua.se\\\/fi\\\/kauppa\\\/#breadcrumb\",\"itemListElement\":[{\"@type\":\"ListItem\",\"position\":1,\"name\":\"Etusivu\",\"item\":\"https:\\\/\\\/xn--klmmis-cua.se\\\/fi\\\/etusivu\\\/\"},{\"@type\":\"ListItem\",\"position\":2,\"name\":\"Kauppa\"}]},{\"@type\":\"WebSite\",\"@id\":\"https:\\\/\\\/xn--klmmis-cua.se\\\/fi\\\/#website\",\"url\":\"https:\\\/\\\/xn--klmmis-cua.se\\\/fi\\\/\",\"name\":\"Allt om kl\u00e4mmisar!\",\"description\":\"Recept och inspiration till kl\u00e4mmisar\",\"publisher\":{\"@id\":\"https:\\\/\\\/xn--klmmis-cua.se\\\/fi\\\/#organization\"},\"potentialAction\":[{\"@type\":\"SearchAction\",\"target\":{\"@type\":\"EntryPoint\",\"urlTemplate\":\"https:\\\/\\\/xn--klmmis-cua.se\\\/fi\\\/?s={search_term_string}\"},\"query-input\":{\"@type\":\"PropertyValueSpecification\",\"valueRequired\":true,\"valueName\":\"search_term_string\"}}],\"inLanguage\":\"fi\"},{\"@type\":\"Organization\",\"@id\":\"https:\\\/\\\/xn--klmmis-cua.se\\\/fi\\\/#organization\",\"name\":\"Kl\u00e4mmis.se\",\"url\":\"https:\\\/\\\/xn--klmmis-cua.se\\\/fi\\\/\",\"logo\":{\"@type\":\"ImageObject\",\"inLanguage\":\"fi\",\"@id\":\"https:\\\/\\\/xn--klmmis-cua.se\\\/fi\\\/#\\\/schema\\\/logo\\\/image\\\/\",\"url\":\"https:\\\/\\\/xn--klmmis-cua.se\\\/wp-content\\\/uploads\\\/2019\\\/11\\\/klammis-se-logo.jpg\",\"contentUrl\":\"https:\\\/\\\/xn--klmmis-cua.se\\\/wp-content\\\/uploads\\\/2019\\\/11\\\/klammis-se-logo.jpg\",\"width\":573,\"height\":565,\"caption\":\"Kl\u00e4mmis.se\"},\"image\":{\"@id\":\"https:\\\/\\\/xn--klmmis-cua.se\\\/fi\\\/#\\\/schema\\\/logo\\\/image\\\/\"},\"sameAs\":[\"https:\\\/\\\/www.instagram.com\\\/klammis.se\\\/\"]}]}<\/script>\n<!-- \/ Yoast SEO plugin. -->","yoast_head_json":{"title":"Kauppa - Allt om kl\u00e4mmisar!","description":"Markkinoiden suosituin puristusj\u00e4\u00e4tel\u00f6! Helppo t\u00e4ytt\u00e4\u00e4, sy\u00f6d\u00e4 ja tiskata, ja se on testattu tiukasti akkreditoidussa laboratoriossa t\u00e4ydellisen elintarviketurvallisuuden varmistamiseksi.","robots":{"index":"index","follow":"follow","max-snippet":"max-snippet:-1","max-image-preview":"max-image-preview:large","max-video-preview":"max-video-preview:-1"},"canonical":"https:\/\/xn--klmmis-cua.se\/fi\/kauppa\/","og_locale":"fi_FI","og_type":"article","og_title":"Kauppa - Allt om kl\u00e4mmisar!","og_description":"Markkinoiden suosituin puristusj\u00e4\u00e4tel\u00f6! Helppo t\u00e4ytt\u00e4\u00e4, sy\u00f6d\u00e4 ja tiskata, ja se on testattu tiukasti akkreditoidussa laboratoriossa t\u00e4ydellisen elintarviketurvallisuuden varmistamiseksi.","og_url":"https:\/\/xn--klmmis-cua.se\/fi\/kauppa\/","og_site_name":"Allt om kl\u00e4mmisar!","og_image":[{"width":2048,"height":2048,"url":"https:\/\/xn--klmmis-cua.se\/wp-content\/uploads\/2020\/11\/242724264_533097414457429_1878892878815860150_n.jpg","type":"image\/jpeg"}],"twitter_card":"summary_large_image","schema":{"@context":"https:\/\/schema.org","@graph":[{"@type":"WebPage","@id":"https:\/\/xn--klmmis-cua.se\/fi\/kauppa\/","url":"https:\/\/xn--klmmis-cua.se\/fi\/kauppa\/","name":"Kauppa - Allt om kl\u00e4mmisar!","isPartOf":{"@id":"https:\/\/xn--klmmis-cua.se\/fi\/#website"},"primaryImageOfPage":{"@id":"https:\/\/xn--klmmis-cua.se\/fi\/kauppa\/#primaryimage"},"image":{"@id":"https:\/\/xn--klmmis-cua.se\/fi\/kauppa\/#primaryimage"},"thumbnailUrl":"https:\/\/xn--klmmis-cua.se\/wp-content\/uploads\/2020\/11\/242724264_533097414457429_1878892878815860150_n.jpg","datePublished":"2018-10-24T04:04:34+00:00","description":"Markkinoiden suosituin puristusj\u00e4\u00e4tel\u00f6! Helppo t\u00e4ytt\u00e4\u00e4, sy\u00f6d\u00e4 ja tiskata, ja se on testattu tiukasti akkreditoidussa laboratoriossa t\u00e4ydellisen elintarviketurvallisuuden varmistamiseksi.","breadcrumb":{"@id":"https:\/\/xn--klmmis-cua.se\/fi\/kauppa\/#breadcrumb"},"inLanguage":"fi","potentialAction":[{"@type":"ReadAction","target":["https:\/\/xn--klmmis-cua.se\/fi\/kauppa\/"]}]},{"@type":"ImageObject","inLanguage":"fi","@id":"https:\/\/xn--klmmis-cua.se\/fi\/kauppa\/#primaryimage","url":"https:\/\/xn--klmmis-cua.se\/wp-content\/uploads\/2020\/11\/242724264_533097414457429_1878892878815860150_n.jpg","contentUrl":"https:\/\/xn--klmmis-cua.se\/wp-content\/uploads\/2020\/11\/242724264_533097414457429_1878892878815860150_n.jpg","width":2048,"height":2048},{"@type":"BreadcrumbList","@id":"https:\/\/xn--klmmis-cua.se\/fi\/kauppa\/#breadcrumb","itemListElement":[{"@type":"ListItem","position":1,"name":"Etusivu","item":"https:\/\/xn--klmmis-cua.se\/fi\/etusivu\/"},{"@type":"ListItem","position":2,"name":"Kauppa"}]},{"@type":"WebSite","@id":"https:\/\/xn--klmmis-cua.se\/fi\/#website","url":"https:\/\/xn--klmmis-cua.se\/fi\/","name":"Allt om kl\u00e4mmisar!","description":"Recept och inspiration till kl\u00e4mmisar","publisher":{"@id":"https:\/\/xn--klmmis-cua.se\/fi\/#organization"},"potentialAction":[{"@type":"SearchAction","target":{"@type":"EntryPoint","urlTemplate":"https:\/\/xn--klmmis-cua.se\/fi\/?s={search_term_string}"},"query-input":{"@type":"PropertyValueSpecification","valueRequired":true,"valueName":"search_term_string"}}],"inLanguage":"fi"},{"@type":"Organization","@id":"https:\/\/xn--klmmis-cua.se\/fi\/#organization","name":"Kl\u00e4mmis.se","url":"https:\/\/xn--klmmis-cua.se\/fi\/","logo":{"@type":"ImageObject","inLanguage":"fi","@id":"https:\/\/xn--klmmis-cua.se\/fi\/#\/schema\/logo\/image\/","url":"https:\/\/xn--klmmis-cua.se\/wp-content\/uploads\/2019\/11\/klammis-se-logo.jpg","contentUrl":"https:\/\/xn--klmmis-cua.se\/wp-content\/uploads\/2019\/11\/klammis-se-logo.jpg","width":573,"height":565,"caption":"Kl\u00e4mmis.se"},"image":{"@id":"https:\/\/xn--klmmis-cua.se\/fi\/#\/schema\/logo\/image\/"},"sameAs":["https:\/\/www.instagram.com\/klammis.se\/"]}]}},"_links":{"self":[{"href":"https:\/\/xn--klmmis-cua.se\/fi\/wp-json\/wp\/v2\/pages\/4836","targetHints":{"allow":["GET"]}}],"collection":[{"href":"https:\/\/xn--klmmis-cua.se\/fi\/wp-json\/wp\/v2\/pages"}],"about":[{"href":"https:\/\/xn--klmmis-cua.se\/fi\/wp-json\/wp\/v2\/types\/page"}],"author":[{"embeddable":true,"href":"https:\/\/xn--klmmis-cua.se\/fi\/wp-json\/wp\/v2\/users\/1"}],"replies":[{"embeddable":true,"href":"https:\/\/xn--klmmis-cua.se\/fi\/wp-json\/wp\/v2\/comments?post=4836"}],"version-history":[{"count":0,"href":"https:\/\/xn--klmmis-cua.se\/fi\/wp-json\/wp\/v2\/pages\/4836\/revisions"}],"wp:featuredmedia":[{"embeddable":true,"href":"https:\/\/xn--klmmis-cua.se\/fi\/wp-json\/wp\/v2\/media\/4550"}],"wp:attachment":[{"href":"https:\/\/xn--klmmis-cua.se\/fi\/wp-json\/wp\/v2\/media?parent=4836"}],"curies":[{"name":"wp","href":"https:\/\/api.w.org\/{rel}","templated":true}]}}