{"id":4608,"date":"2018-10-23T08:32:35","date_gmt":"2018-10-23T08:32:35","guid":{"rendered":"https:\/\/xn--klmmis-cua.se\/om-oss\/"},"modified":"2024-12-29T11:29:10","modified_gmt":"2024-12-29T11:29:10","slug":"om-oss","status":"publish","type":"page","link":"https:\/\/xn--klmmis-cua.se\/no\/om-oss\/","title":{"rendered":"Om oss"},"content":{"rendered":"\t\t<div data-elementor-type=\"wp-post\" data-elementor-id=\"4608\" class=\"elementor elementor-4608 elementor-73\" data-elementor-post-type=\"page\">\n\t\t\t\t\t\t<section class=\"elementor-section elementor-top-section elementor-element elementor-element-3d53e194 elementor-section-full_width elementor-section-stretched elementor-section-height-default elementor-section-height-default\" data-id=\"3d53e194\" data-element_type=\"section\" data-e-type=\"section\" data-settings=\"{&quot;stretch_section&quot;:&quot;section-stretched&quot;}\">\n\t\t\t\t\t\t<div class=\"elementor-container elementor-column-gap-no\">\n\t\t\t\t\t<div class=\"elementor-column elementor-col-100 elementor-top-column elementor-element elementor-element-100d57f1\" data-id=\"100d57f1\" data-element_type=\"column\" data-e-type=\"column\">\n\t\t\t<div class=\"elementor-widget-wrap elementor-element-populated\">\n\t\t\t\t\t\t<div class=\"elementor-element elementor-element-441c0160 elementor-widget elementor-widget-google_maps\" data-id=\"441c0160\" data-element_type=\"widget\" data-e-type=\"widget\" data-widget_type=\"google_maps.default\">\n\t\t\t\t<div class=\"elementor-widget-container\">\n\t\t\t\t\t\t\t<div class=\"elementor-custom-embed\">\n\t\t\t<iframe loading=\"lazy\"\n\t\t\t\t\tsrc=\"https:\/\/maps.google.com\/maps?q=Bj%C3%A4rred&#038;t=m&#038;z=18&#038;output=embed&#038;iwloc=near\"\n\t\t\t\t\ttitle=\"Bj\u00e4rred\"\n\t\t\t\t\taria-label=\"Bj\u00e4rred\"\n\t\t\t><\/iframe>\n\t\t<\/div>\n\t\t\t\t\t\t<\/div>\n\t\t\t\t<\/div>\n\t\t\t\t\t<\/div>\n\t\t<\/div>\n\t\t\t\t\t<\/div>\n\t\t<\/section>\n\t\t\t\t<section class=\"elementor-section elementor-top-section elementor-element elementor-element-e418a57 elementor-section-stretched elementor-section-content-middle elementor-section-height-full elementor-section-boxed elementor-section-height-default elementor-section-items-middle\" data-id=\"e418a57\" data-element_type=\"section\" data-e-type=\"section\" data-settings=\"{&quot;stretch_section&quot;:&quot;section-stretched&quot;,&quot;background_background&quot;:&quot;classic&quot;}\">\n\t\t\t\t\t\t<div class=\"elementor-container elementor-column-gap-default\">\n\t\t\t\t\t<div class=\"elementor-column elementor-col-100 elementor-top-column elementor-element elementor-element-010629f elementor-invisible\" data-id=\"010629f\" data-element_type=\"column\" data-e-type=\"column\" data-settings=\"{&quot;animation&quot;:&quot;slideInLeft&quot;}\">\n\t\t\t<div class=\"elementor-widget-wrap elementor-element-populated\">\n\t\t\t\t\t\t<section class=\"elementor-section elementor-inner-section elementor-element elementor-element-6cce9d5 elementor-section-boxed elementor-section-height-default elementor-section-height-default\" data-id=\"6cce9d5\" data-element_type=\"section\" data-e-type=\"section\">\n\t\t\t\t\t\t<div class=\"elementor-container elementor-column-gap-default\">\n\t\t\t\t\t<div class=\"elementor-column elementor-col-100 elementor-inner-column elementor-element elementor-element-9a08bc5\" data-id=\"9a08bc5\" data-element_type=\"column\" data-e-type=\"column\">\n\t\t\t<div class=\"elementor-widget-wrap elementor-element-populated\">\n\t\t\t\t\t\t<div class=\"elementor-element elementor-element-f81ab46 elementor-widget elementor-widget-heading\" data-id=\"f81ab46\" data-element_type=\"widget\" data-e-type=\"widget\" data-widget_type=\"heading.default\">\n\t\t\t\t<div class=\"elementor-widget-container\">\n\t\t\t\t\t<h2 class=\"elementor-heading-title elementor-size-default\">Om oss<\/h2>\t\t\t\t<\/div>\n\t\t\t\t<\/div>\n\t\t\t\t<div class=\"elementor-element elementor-element-618df81 elementor-widget elementor-widget-text-editor\" data-id=\"618df81\" data-element_type=\"widget\" data-e-type=\"widget\" data-widget_type=\"text-editor.default\">\n\t\t\t\t<div class=\"elementor-widget-container\">\n\t\t\t\t\t\t\t\t\t<p>Vi \u00f8nsker \u00e5 hjelpe alle sm\u00e5barnsforeldre med \u00e5 lage sunn og enkel mat til barna sine. Alle oppskriftene p\u00e5 denne siden er n\u00f8ye utvalgt og testet av oss. Ta gjerne kontakt med oss med dine favorittoppskrifter!  <\/p>\n\t\t\t\t\t\t\t\t<\/div>\n\t\t\t\t<\/div>\n\t\t\t\t\t<\/div>\n\t\t<\/div>\n\t\t\t\t\t<\/div>\n\t\t<\/section>\n\t\t\t\t<div class=\"elementor-element elementor-element-292dd28 elementor-widget elementor-widget-spacer\" data-id=\"292dd28\" data-element_type=\"widget\" data-e-type=\"widget\" data-widget_type=\"spacer.default\">\n\t\t\t\t<div class=\"elementor-widget-container\">\n\t\t\t\t\t\t\t<div class=\"elementor-spacer\">\n\t\t\t<div class=\"elementor-spacer-inner\"><\/div>\n\t\t<\/div>\n\t\t\t\t\t\t<\/div>\n\t\t\t\t<\/div>\n\t\t\t\t<section class=\"elementor-section elementor-inner-section elementor-element elementor-element-62af672 elementor-section-boxed elementor-section-height-default elementor-section-height-default\" data-id=\"62af672\" data-element_type=\"section\" data-e-type=\"section\">\n\t\t\t\t\t\t<div class=\"elementor-container elementor-column-gap-default\">\n\t\t\t\t\t<div class=\"elementor-column elementor-col-50 elementor-inner-column elementor-element elementor-element-d39fc83\" data-id=\"d39fc83\" data-element_type=\"column\" data-e-type=\"column\">\n\t\t\t<div class=\"elementor-widget-wrap elementor-element-populated\">\n\t\t\t\t\t\t<div class=\"elementor-element elementor-element-06bf052 elementor-widget elementor-widget-heading\" data-id=\"06bf052\" data-element_type=\"widget\" data-e-type=\"widget\" data-widget_type=\"heading.default\">\n\t\t\t\t<div class=\"elementor-widget-container\">\n\t\t\t\t\t<span class=\"elementor-heading-title elementor-size-default\">\nMy Little Meal, info(a)mylittlemeal.se<\/span>\t\t\t\t<\/div>\n\t\t\t\t<\/div>\n\t\t\t\t<div class=\"elementor-element elementor-element-2e94180 elementor-widget elementor-widget-text-editor\" data-id=\"2e94180\" data-element_type=\"widget\" data-e-type=\"widget\" data-widget_type=\"text-editor.default\">\n\t\t\t\t<div class=\"elementor-widget-container\">\n\t\t\t\t\t\t\t\t\t<p>Bj\u00e4rred, Sverige<\/p>\n\t\t\t\t\t\t\t\t<\/div>\n\t\t\t\t<\/div>\n\t\t\t\t\t<\/div>\n\t\t<\/div>\n\t\t\t\t<div class=\"elementor-column elementor-col-50 elementor-inner-column elementor-element elementor-element-efaa4c7\" data-id=\"efaa4c7\" data-element_type=\"column\" data-e-type=\"column\">\n\t\t\t<div class=\"elementor-widget-wrap\">\n\t\t\t\t\t\t\t<\/div>\n\t\t<\/div>\n\t\t\t\t\t<\/div>\n\t\t<\/section>\n\t\t\t\t<div class=\"elementor-element elementor-element-61e42a4 elementor-widget elementor-widget-spacer\" data-id=\"61e42a4\" data-element_type=\"widget\" data-e-type=\"widget\" data-widget_type=\"spacer.default\">\n\t\t\t\t<div class=\"elementor-widget-container\">\n\t\t\t\t\t\t\t<div class=\"elementor-spacer\">\n\t\t\t<div class=\"elementor-spacer-inner\"><\/div>\n\t\t<\/div>\n\t\t\t\t\t\t<\/div>\n\t\t\t\t<\/div>\n\t\t\t\t\t<\/div>\n\t\t<\/div>\n\t\t\t\t\t<\/div>\n\t\t<\/section>\n\t\t\t\t<\/div>\n\t\t","protected":false},"excerpt":{"rendered":"<p>Om oss Vi \u00f8nsker \u00e5 hjelpe alle sm\u00e5barnsforeldre med \u00e5 lage sunn og enkel mat til barna sine. Alle oppskriftene p\u00e5 denne siden er n\u00f8ye utvalgt og testet av oss. Ta gjerne kontakt med oss med dine favorittoppskrifter! My Little Meal, info(a)mylittlemeal.se Bj\u00e4rred, Sverige<\/p>\n","protected":false},"author":1,"featured_media":0,"parent":0,"menu_order":0,"comment_status":"closed","ping_status":"closed","template":"","meta":{"footnotes":""},"class_list":["post-4608","page","type-page","status-publish","hentry","entry","owp-thumbs-layout-horizontal","owp-btn-normal","owp-tabs-layout-horizontal","has-no-thumbnails","has-product-nav"],"yoast_head":"<!-- This site is optimized with the Yoast SEO plugin v27.4 - https:\/\/yoast.com\/product\/yoast-seo-wordpress\/ -->\n<title>Om oss - Allt om kl\u00e4mmisar!<\/title>\n<meta name=\"robots\" content=\"index, follow, max-snippet:-1, max-image-preview:large, max-video-preview:-1\" \/>\n<link rel=\"canonical\" href=\"https:\/\/xn--klmmis-cua.se\/no\/om-oss\/\" \/>\n<meta property=\"og:locale\" content=\"nb_NO\" \/>\n<meta property=\"og:type\" content=\"article\" \/>\n<meta property=\"og:title\" content=\"Om oss - Allt om kl\u00e4mmisar!\" \/>\n<meta property=\"og:description\" content=\"Om oss Vi \u00f8nsker \u00e5 hjelpe alle sm\u00e5barnsforeldre med \u00e5 lage sunn og enkel mat til barna sine. Alle oppskriftene p\u00e5 denne siden er n\u00f8ye utvalgt og testet av oss. Ta gjerne kontakt med oss med dine favorittoppskrifter! My Little Meal, info(a)mylittlemeal.se Bj\u00e4rred, Sverige\" \/>\n<meta property=\"og:url\" content=\"https:\/\/xn--klmmis-cua.se\/no\/om-oss\/\" \/>\n<meta property=\"og:site_name\" content=\"Allt om kl\u00e4mmisar!\" \/>\n<meta property=\"article:modified_time\" content=\"2024-12-29T11:29:10+00:00\" \/>\n<meta name=\"twitter:card\" content=\"summary_large_image\" \/>\n<script type=\"application\/ld+json\" class=\"yoast-schema-graph\">{\"@context\":\"https:\\\/\\\/schema.org\",\"@graph\":[{\"@type\":\"WebPage\",\"@id\":\"https:\\\/\\\/xn--klmmis-cua.se\\\/no\\\/om-oss\\\/\",\"url\":\"https:\\\/\\\/xn--klmmis-cua.se\\\/no\\\/om-oss\\\/\",\"name\":\"Om oss - Allt om kl\u00e4mmisar!\",\"isPartOf\":{\"@id\":\"https:\\\/\\\/xn--klmmis-cua.se\\\/no\\\/#website\"},\"datePublished\":\"2018-10-23T08:32:35+00:00\",\"dateModified\":\"2024-12-29T11:29:10+00:00\",\"breadcrumb\":{\"@id\":\"https:\\\/\\\/xn--klmmis-cua.se\\\/no\\\/om-oss\\\/#breadcrumb\"},\"inLanguage\":\"nb-NO\",\"potentialAction\":[{\"@type\":\"ReadAction\",\"target\":[\"https:\\\/\\\/xn--klmmis-cua.se\\\/no\\\/om-oss\\\/\"]}]},{\"@type\":\"BreadcrumbList\",\"@id\":\"https:\\\/\\\/xn--klmmis-cua.se\\\/no\\\/om-oss\\\/#breadcrumb\",\"itemListElement\":[{\"@type\":\"ListItem\",\"position\":1,\"name\":\"Hjem\",\"item\":\"https:\\\/\\\/xn--klmmis-cua.se\\\/no\\\/hjem\\\/\"},{\"@type\":\"ListItem\",\"position\":2,\"name\":\"Om oss\"}]},{\"@type\":\"WebSite\",\"@id\":\"https:\\\/\\\/xn--klmmis-cua.se\\\/no\\\/#website\",\"url\":\"https:\\\/\\\/xn--klmmis-cua.se\\\/no\\\/\",\"name\":\"Allt om kl\u00e4mmisar!\",\"description\":\"Recept och inspiration till kl\u00e4mmisar\",\"publisher\":{\"@id\":\"https:\\\/\\\/xn--klmmis-cua.se\\\/no\\\/#organization\"},\"potentialAction\":[{\"@type\":\"SearchAction\",\"target\":{\"@type\":\"EntryPoint\",\"urlTemplate\":\"https:\\\/\\\/xn--klmmis-cua.se\\\/no\\\/?s={search_term_string}\"},\"query-input\":{\"@type\":\"PropertyValueSpecification\",\"valueRequired\":true,\"valueName\":\"search_term_string\"}}],\"inLanguage\":\"nb-NO\"},{\"@type\":\"Organization\",\"@id\":\"https:\\\/\\\/xn--klmmis-cua.se\\\/no\\\/#organization\",\"name\":\"Kl\u00e4mmis.se\",\"url\":\"https:\\\/\\\/xn--klmmis-cua.se\\\/no\\\/\",\"logo\":{\"@type\":\"ImageObject\",\"inLanguage\":\"nb-NO\",\"@id\":\"https:\\\/\\\/xn--klmmis-cua.se\\\/no\\\/#\\\/schema\\\/logo\\\/image\\\/\",\"url\":\"https:\\\/\\\/xn--klmmis-cua.se\\\/wp-content\\\/uploads\\\/2019\\\/11\\\/klammis-se-logo.jpg\",\"contentUrl\":\"https:\\\/\\\/xn--klmmis-cua.se\\\/wp-content\\\/uploads\\\/2019\\\/11\\\/klammis-se-logo.jpg\",\"width\":573,\"height\":565,\"caption\":\"Kl\u00e4mmis.se\"},\"image\":{\"@id\":\"https:\\\/\\\/xn--klmmis-cua.se\\\/no\\\/#\\\/schema\\\/logo\\\/image\\\/\"},\"sameAs\":[\"https:\\\/\\\/www.instagram.com\\\/klammis.se\\\/\"]}]}<\/script>\n<!-- \/ Yoast SEO plugin. -->","yoast_head_json":{"title":"Om oss - Allt om kl\u00e4mmisar!","robots":{"index":"index","follow":"follow","max-snippet":"max-snippet:-1","max-image-preview":"max-image-preview:large","max-video-preview":"max-video-preview:-1"},"canonical":"https:\/\/xn--klmmis-cua.se\/no\/om-oss\/","og_locale":"nb_NO","og_type":"article","og_title":"Om oss - Allt om kl\u00e4mmisar!","og_description":"Om oss Vi \u00f8nsker \u00e5 hjelpe alle sm\u00e5barnsforeldre med \u00e5 lage sunn og enkel mat til barna sine. Alle oppskriftene p\u00e5 denne siden er n\u00f8ye utvalgt og testet av oss. Ta gjerne kontakt med oss med dine favorittoppskrifter! My Little Meal, info(a)mylittlemeal.se Bj\u00e4rred, Sverige","og_url":"https:\/\/xn--klmmis-cua.se\/no\/om-oss\/","og_site_name":"Allt om kl\u00e4mmisar!","article_modified_time":"2024-12-29T11:29:10+00:00","twitter_card":"summary_large_image","schema":{"@context":"https:\/\/schema.org","@graph":[{"@type":"WebPage","@id":"https:\/\/xn--klmmis-cua.se\/no\/om-oss\/","url":"https:\/\/xn--klmmis-cua.se\/no\/om-oss\/","name":"Om oss - Allt om kl\u00e4mmisar!","isPartOf":{"@id":"https:\/\/xn--klmmis-cua.se\/no\/#website"},"datePublished":"2018-10-23T08:32:35+00:00","dateModified":"2024-12-29T11:29:10+00:00","breadcrumb":{"@id":"https:\/\/xn--klmmis-cua.se\/no\/om-oss\/#breadcrumb"},"inLanguage":"nb-NO","potentialAction":[{"@type":"ReadAction","target":["https:\/\/xn--klmmis-cua.se\/no\/om-oss\/"]}]},{"@type":"BreadcrumbList","@id":"https:\/\/xn--klmmis-cua.se\/no\/om-oss\/#breadcrumb","itemListElement":[{"@type":"ListItem","position":1,"name":"Hjem","item":"https:\/\/xn--klmmis-cua.se\/no\/hjem\/"},{"@type":"ListItem","position":2,"name":"Om oss"}]},{"@type":"WebSite","@id":"https:\/\/xn--klmmis-cua.se\/no\/#website","url":"https:\/\/xn--klmmis-cua.se\/no\/","name":"Allt om kl\u00e4mmisar!","description":"Recept och inspiration till kl\u00e4mmisar","publisher":{"@id":"https:\/\/xn--klmmis-cua.se\/no\/#organization"},"potentialAction":[{"@type":"SearchAction","target":{"@type":"EntryPoint","urlTemplate":"https:\/\/xn--klmmis-cua.se\/no\/?s={search_term_string}"},"query-input":{"@type":"PropertyValueSpecification","valueRequired":true,"valueName":"search_term_string"}}],"inLanguage":"nb-NO"},{"@type":"Organization","@id":"https:\/\/xn--klmmis-cua.se\/no\/#organization","name":"Kl\u00e4mmis.se","url":"https:\/\/xn--klmmis-cua.se\/no\/","logo":{"@type":"ImageObject","inLanguage":"nb-NO","@id":"https:\/\/xn--klmmis-cua.se\/no\/#\/schema\/logo\/image\/","url":"https:\/\/xn--klmmis-cua.se\/wp-content\/uploads\/2019\/11\/klammis-se-logo.jpg","contentUrl":"https:\/\/xn--klmmis-cua.se\/wp-content\/uploads\/2019\/11\/klammis-se-logo.jpg","width":573,"height":565,"caption":"Kl\u00e4mmis.se"},"image":{"@id":"https:\/\/xn--klmmis-cua.se\/no\/#\/schema\/logo\/image\/"},"sameAs":["https:\/\/www.instagram.com\/klammis.se\/"]}]}},"_links":{"self":[{"href":"https:\/\/xn--klmmis-cua.se\/no\/wp-json\/wp\/v2\/pages\/4608","targetHints":{"allow":["GET"]}}],"collection":[{"href":"https:\/\/xn--klmmis-cua.se\/no\/wp-json\/wp\/v2\/pages"}],"about":[{"href":"https:\/\/xn--klmmis-cua.se\/no\/wp-json\/wp\/v2\/types\/page"}],"author":[{"embeddable":true,"href":"https:\/\/xn--klmmis-cua.se\/no\/wp-json\/wp\/v2\/users\/1"}],"replies":[{"embeddable":true,"href":"https:\/\/xn--klmmis-cua.se\/no\/wp-json\/wp\/v2\/comments?post=4608"}],"version-history":[{"count":1,"href":"https:\/\/xn--klmmis-cua.se\/no\/wp-json\/wp\/v2\/pages\/4608\/revisions"}],"predecessor-version":[{"id":4613,"href":"https:\/\/xn--klmmis-cua.se\/no\/wp-json\/wp\/v2\/pages\/4608\/revisions\/4613"}],"wp:attachment":[{"href":"https:\/\/xn--klmmis-cua.se\/no\/wp-json\/wp\/v2\/media?parent=4608"}],"curies":[{"name":"wp","href":"https:\/\/api.w.org\/{rel}","templated":true}]}}